{"id":8788,"date":"2024-01-13T09:48:36","date_gmt":"2024-01-13T09:48:36","guid":{"rendered":"https:\/\/ryokansofjapan.com\/contactez-nous\/"},"modified":"2024-01-13T09:48:36","modified_gmt":"2024-01-13T09:48:36","slug":"contactez-nous","status":"publish","type":"page","link":"https:\/\/ryokansofjapan.com\/fr\/contactez-nous\/","title":{"rendered":"Contactez nous"},"content":{"rendered":"<p>Vous souhaitez joindre l&rsquo;\u00e9quipe de Ryokans of Japan ? Veuillez remplir le formulaire ci-dessous et nous vous r\u00e9pondrons dans les 48h. Nous vous remercions de bien vouloir nous donner tous les d\u00e9tails n\u00e9cessaires concernant votre demande afin que nous puissions r\u00e9pondre pr\u00e9cis\u00e9ment \u00e0 vos questions. <\/p>\n\n<div class=\"wpcf7 no-js\" id=\"wpcf7-f8811-o1\" lang=\"fr-FR\" dir=\"ltr\" data-wpcf7-id=\"8811\">\n<div class=\"screen-reader-response\"><p role=\"status\" aria-live=\"polite\" aria-atomic=\"true\"><\/p> <ul><\/ul><\/div>\n<form action=\"\/fr\/wp-json\/wp\/v2\/pages\/8788#wpcf7-f8811-o1\" method=\"post\" class=\"wpcf7-form init\" aria-label=\"Formulaire de contact\" novalidate=\"novalidate\" data-status=\"init\">\n<fieldset class=\"hidden-fields-container\"><input type=\"hidden\" name=\"_wpcf7\" value=\"8811\" \/><input type=\"hidden\" name=\"_wpcf7_version\" value=\"6.1.5\" \/><input type=\"hidden\" name=\"_wpcf7_locale\" value=\"fr_FR\" \/><input type=\"hidden\" name=\"_wpcf7_unit_tag\" value=\"wpcf7-f8811-o1\" \/><input type=\"hidden\" name=\"_wpcf7_container_post\" value=\"0\" \/><input type=\"hidden\" name=\"_wpcf7_posted_data_hash\" value=\"\" \/>\n<\/fieldset>\n<p><label> Votre nom<br \/>\n<span class=\"wpcf7-form-control-wrap\" data-name=\"your-name\"><input size=\"40\" maxlength=\"400\" class=\"wpcf7-form-control wpcf7-text wpcf7-validates-as-required\" autocomplete=\"name\" aria-required=\"true\" aria-invalid=\"false\" value=\"\" type=\"text\" name=\"your-name\" \/><\/span> <\/label>\n<\/p>\n<p><label> Votre courriel<br \/>\n<span class=\"wpcf7-form-control-wrap\" data-name=\"your-email\"><input size=\"40\" maxlength=\"400\" class=\"wpcf7-form-control wpcf7-email wpcf7-validates-as-required wpcf7-text wpcf7-validates-as-email\" autocomplete=\"email\" aria-required=\"true\" aria-invalid=\"false\" value=\"\" type=\"email\" name=\"your-email\" \/><\/span> <\/label>\n<\/p>\n<p><label> Sujet<br \/>\n<span class=\"wpcf7-form-control-wrap\" data-name=\"your-subject\"><input size=\"40\" maxlength=\"400\" class=\"wpcf7-form-control wpcf7-text wpcf7-validates-as-required\" aria-required=\"true\" aria-invalid=\"false\" value=\"\" type=\"text\" name=\"your-subject\" \/><\/span> <\/label>\n<\/p>\n<p><label> Votre message (facultatif)<br \/>\n<span class=\"wpcf7-form-control-wrap\" data-name=\"your-message\"><textarea cols=\"40\" rows=\"10\" maxlength=\"2000\" class=\"wpcf7-form-control wpcf7-textarea\" aria-invalid=\"false\" name=\"your-message\"><\/textarea><\/span> <\/label>\n<\/p>\n<p><input class=\"wpcf7-form-control wpcf7-submit has-spinner\" type=\"submit\" value=\"Soumettre\" \/>\n<\/p><div class=\"wpcf7-response-output\" aria-hidden=\"true\"><\/div>\n<\/form>\n<\/div>\n\n","protected":false},"excerpt":{"rendered":"<p>Vous souhaitez joindre l&rsquo;\u00e9quipe de Ryokans of Japan ? Veuillez remplir le formulaire ci-dessous et nous vous r\u00e9pondrons dans les 48h. Nous vous remercions de bien vouloir nous donner tous&#8230;<\/p>\n","protected":false},"author":1,"featured_media":0,"parent":0,"menu_order":0,"comment_status":"closed","ping_status":"closed","template":"","meta":{"footnotes":""},"class_list":["post-8788","page","type-page","status-publish"],"yoast_head":"<!-- This site is optimized with the Yoast SEO plugin v27.3 - https:\/\/yoast.com\/product\/yoast-seo-wordpress\/ -->\n<title>Contactez nous - Ryokans of Japan<\/title>\n<meta name=\"robots\" content=\"index, follow, max-snippet:-1, max-image-preview:large, max-video-preview:-1\" \/>\n<link rel=\"canonical\" href=\"https:\/\/ryokansofjapan.com\/fr\/contactez-nous\/\" \/>\n<meta property=\"og:locale\" content=\"fr_FR\" \/>\n<meta property=\"og:type\" content=\"article\" \/>\n<meta property=\"og:title\" content=\"Contactez nous - Ryokans of Japan\" \/>\n<meta property=\"og:description\" content=\"Vous souhaitez joindre l&rsquo;\u00e9quipe de Ryokans of Japan ? Veuillez remplir le formulaire ci-dessous et nous vous r\u00e9pondrons dans les 48h. Nous vous remercions de bien vouloir nous donner tous...\" \/>\n<meta property=\"og:url\" content=\"https:\/\/ryokansofjapan.com\/fr\/contactez-nous\/\" \/>\n<meta property=\"og:site_name\" content=\"Ryokans of Japan\" \/>\n<meta property=\"og:image\" content=\"https:\/\/ryokansofjapan.com\/wp-content\/uploads\/2023\/12\/Ryokans-of-Japan.jpg\" \/>\n\t<meta property=\"og:image:width\" content=\"1024\" \/>\n\t<meta property=\"og:image:height\" content=\"685\" \/>\n\t<meta property=\"og:image:type\" content=\"image\/jpeg\" \/>\n<meta name=\"twitter:card\" content=\"summary_large_image\" \/>\n<script type=\"application\/ld+json\" class=\"yoast-schema-graph\">{\"@context\":\"https:\\\/\\\/schema.org\",\"@graph\":[{\"@type\":\"WebPage\",\"@id\":\"https:\\\/\\\/ryokansofjapan.com\\\/fr\\\/contactez-nous\\\/\",\"url\":\"https:\\\/\\\/ryokansofjapan.com\\\/fr\\\/contactez-nous\\\/\",\"name\":\"Contactez nous - Ryokans of Japan\",\"isPartOf\":{\"@id\":\"https:\\\/\\\/ryokansofjapan.com\\\/fr\\\/#website\"},\"datePublished\":\"2024-01-13T09:48:36+00:00\",\"breadcrumb\":{\"@id\":\"https:\\\/\\\/ryokansofjapan.com\\\/fr\\\/contactez-nous\\\/#breadcrumb\"},\"inLanguage\":\"fr-FR\",\"potentialAction\":[{\"@type\":\"ReadAction\",\"target\":[\"https:\\\/\\\/ryokansofjapan.com\\\/fr\\\/contactez-nous\\\/\"]}]},{\"@type\":\"BreadcrumbList\",\"@id\":\"https:\\\/\\\/ryokansofjapan.com\\\/fr\\\/contactez-nous\\\/#breadcrumb\",\"itemListElement\":[{\"@type\":\"ListItem\",\"position\":1,\"name\":\"Home\",\"item\":\"https:\\\/\\\/ryokansofjapan.com\\\/fr\\\/les-ryokans-du-japon-votre-guide-pour-vivre-un-sejour-traditionnel-japonais\\\/\"},{\"@type\":\"ListItem\",\"position\":2,\"name\":\"Contactez nous\"}]},{\"@type\":\"WebSite\",\"@id\":\"https:\\\/\\\/ryokansofjapan.com\\\/fr\\\/#website\",\"url\":\"https:\\\/\\\/ryokansofjapan.com\\\/fr\\\/\",\"name\":\"Ryokans of Japan\",\"description\":\"Ryokans of Japan - Your Guide to Experience a Japanese Traditional Stay\",\"publisher\":{\"@id\":\"https:\\\/\\\/ryokansofjapan.com\\\/fr\\\/#organization\"},\"potentialAction\":[{\"@type\":\"SearchAction\",\"target\":{\"@type\":\"EntryPoint\",\"urlTemplate\":\"https:\\\/\\\/ryokansofjapan.com\\\/fr\\\/?s={search_term_string}\"},\"query-input\":{\"@type\":\"PropertyValueSpecification\",\"valueRequired\":true,\"valueName\":\"search_term_string\"}}],\"inLanguage\":\"fr-FR\"},{\"@type\":\"Organization\",\"@id\":\"https:\\\/\\\/ryokansofjapan.com\\\/fr\\\/#organization\",\"name\":\"Ryokans of Japan\",\"alternateName\":\"Ryokans Japan\",\"url\":\"https:\\\/\\\/ryokansofjapan.com\\\/fr\\\/\",\"logo\":{\"@type\":\"ImageObject\",\"inLanguage\":\"fr-FR\",\"@id\":\"https:\\\/\\\/ryokansofjapan.com\\\/fr\\\/#\\\/schema\\\/logo\\\/image\\\/\",\"url\":\"https:\\\/\\\/ryokansofjapan.com\\\/wp-content\\\/uploads\\\/2023\\\/12\\\/Ryokans-of-Japan-Logo-1-transparent-background.png\",\"contentUrl\":\"https:\\\/\\\/ryokansofjapan.com\\\/wp-content\\\/uploads\\\/2023\\\/12\\\/Ryokans-of-Japan-Logo-1-transparent-background.png\",\"width\":250,\"height\":250,\"caption\":\"Ryokans of Japan\"},\"image\":{\"@id\":\"https:\\\/\\\/ryokansofjapan.com\\\/fr\\\/#\\\/schema\\\/logo\\\/image\\\/\"}}]}<\/script>\n<!-- \/ Yoast SEO plugin. -->","yoast_head_json":{"title":"Contactez nous - Ryokans of Japan","robots":{"index":"index","follow":"follow","max-snippet":"max-snippet:-1","max-image-preview":"max-image-preview:large","max-video-preview":"max-video-preview:-1"},"canonical":"https:\/\/ryokansofjapan.com\/fr\/contactez-nous\/","og_locale":"fr_FR","og_type":"article","og_title":"Contactez nous - Ryokans of Japan","og_description":"Vous souhaitez joindre l&rsquo;\u00e9quipe de Ryokans of Japan ? Veuillez remplir le formulaire ci-dessous et nous vous r\u00e9pondrons dans les 48h. Nous vous remercions de bien vouloir nous donner tous...","og_url":"https:\/\/ryokansofjapan.com\/fr\/contactez-nous\/","og_site_name":"Ryokans of Japan","og_image":[{"width":1024,"height":685,"url":"https:\/\/ryokansofjapan.com\/wp-content\/uploads\/2023\/12\/Ryokans-of-Japan.jpg","type":"image\/jpeg"}],"twitter_card":"summary_large_image","schema":{"@context":"https:\/\/schema.org","@graph":[{"@type":"WebPage","@id":"https:\/\/ryokansofjapan.com\/fr\/contactez-nous\/","url":"https:\/\/ryokansofjapan.com\/fr\/contactez-nous\/","name":"Contactez nous - Ryokans of Japan","isPartOf":{"@id":"https:\/\/ryokansofjapan.com\/fr\/#website"},"datePublished":"2024-01-13T09:48:36+00:00","breadcrumb":{"@id":"https:\/\/ryokansofjapan.com\/fr\/contactez-nous\/#breadcrumb"},"inLanguage":"fr-FR","potentialAction":[{"@type":"ReadAction","target":["https:\/\/ryokansofjapan.com\/fr\/contactez-nous\/"]}]},{"@type":"BreadcrumbList","@id":"https:\/\/ryokansofjapan.com\/fr\/contactez-nous\/#breadcrumb","itemListElement":[{"@type":"ListItem","position":1,"name":"Home","item":"https:\/\/ryokansofjapan.com\/fr\/les-ryokans-du-japon-votre-guide-pour-vivre-un-sejour-traditionnel-japonais\/"},{"@type":"ListItem","position":2,"name":"Contactez nous"}]},{"@type":"WebSite","@id":"https:\/\/ryokansofjapan.com\/fr\/#website","url":"https:\/\/ryokansofjapan.com\/fr\/","name":"Ryokans of Japan","description":"Ryokans of Japan - Your Guide to Experience a Japanese Traditional Stay","publisher":{"@id":"https:\/\/ryokansofjapan.com\/fr\/#organization"},"potentialAction":[{"@type":"SearchAction","target":{"@type":"EntryPoint","urlTemplate":"https:\/\/ryokansofjapan.com\/fr\/?s={search_term_string}"},"query-input":{"@type":"PropertyValueSpecification","valueRequired":true,"valueName":"search_term_string"}}],"inLanguage":"fr-FR"},{"@type":"Organization","@id":"https:\/\/ryokansofjapan.com\/fr\/#organization","name":"Ryokans of Japan","alternateName":"Ryokans Japan","url":"https:\/\/ryokansofjapan.com\/fr\/","logo":{"@type":"ImageObject","inLanguage":"fr-FR","@id":"https:\/\/ryokansofjapan.com\/fr\/#\/schema\/logo\/image\/","url":"https:\/\/ryokansofjapan.com\/wp-content\/uploads\/2023\/12\/Ryokans-of-Japan-Logo-1-transparent-background.png","contentUrl":"https:\/\/ryokansofjapan.com\/wp-content\/uploads\/2023\/12\/Ryokans-of-Japan-Logo-1-transparent-background.png","width":250,"height":250,"caption":"Ryokans of Japan"},"image":{"@id":"https:\/\/ryokansofjapan.com\/fr\/#\/schema\/logo\/image\/"}}]}},"_links":{"self":[{"href":"https:\/\/ryokansofjapan.com\/fr\/wp-json\/wp\/v2\/pages\/8788","targetHints":{"allow":["GET"]}}],"collection":[{"href":"https:\/\/ryokansofjapan.com\/fr\/wp-json\/wp\/v2\/pages"}],"about":[{"href":"https:\/\/ryokansofjapan.com\/fr\/wp-json\/wp\/v2\/types\/page"}],"author":[{"embeddable":true,"href":"https:\/\/ryokansofjapan.com\/fr\/wp-json\/wp\/v2\/users\/1"}],"replies":[{"embeddable":true,"href":"https:\/\/ryokansofjapan.com\/fr\/wp-json\/wp\/v2\/comments?post=8788"}],"version-history":[{"count":0,"href":"https:\/\/ryokansofjapan.com\/fr\/wp-json\/wp\/v2\/pages\/8788\/revisions"}],"wp:attachment":[{"href":"https:\/\/ryokansofjapan.com\/fr\/wp-json\/wp\/v2\/media?parent=8788"}],"curies":[{"name":"wp","href":"https:\/\/api.w.org\/{rel}","templated":true}]}}